{"id":6,"date":"2018-05-05T07:47:28","date_gmt":"2018-05-05T07:47:28","guid":{"rendered":"https:\/\/justevolve.it\/demo\/zena\/?page_id=6"},"modified":"2025-03-05T11:25:21","modified_gmt":"2025-03-05T11:25:21","slug":"about-me","status":"publish","type":"page","link":"https:\/\/boudoirexperience.hu\/en\/about-me\/","title":{"rendered":"About Us"},"content":{"rendered":"<p class=\"has-larger-font-size\"><strong>Hi,<\/strong><\/p>\n\n\n\n<p style=\"font-size:24px\">I\u2019m D\u00e1vid Kiss, and if you\u2019re reading this page, I hope to be your future photographer.<\/p>\n\n\n\n<div class=\"wp-block-media-text has-media-on-the-right is-stacked-on-mobile\" style=\"grid-template-columns:auto 58%\"><div class=\"wp-block-media-text__content\">\n<p>I spent more than six years in photography before my technical career completely absorbed me. During those years, I realized that my life was missing something\u2014the beauty of aesthetics and the ability to evoke emotions (hopefully joy) in others through my work. That\u2019s why I picked up my camera again.<\/p>\n<\/div><figure class=\"wp-block-media-text__media\"><img loading=\"lazy\" decoding=\"async\" width=\"1024\" height=\"682\" src=\"http:\/\/boudoirexperience.hu\/wp-content\/uploads\/2025\/03\/veledszep20241016114302-Large-1024x682.jpeg\" alt=\"\" class=\"wp-image-823 size-full\" srcset=\"https:\/\/boudoirexperience.hu\/wp-content\/uploads\/2025\/03\/veledszep20241016114302-Large-1024x682.jpeg 1024w, https:\/\/boudoirexperience.hu\/wp-content\/uploads\/2025\/03\/veledszep20241016114302-Large-300x200.jpeg 300w, https:\/\/boudoirexperience.hu\/wp-content\/uploads\/2025\/03\/veledszep20241016114302-Large-768x512.jpeg 768w, https:\/\/boudoirexperience.hu\/wp-content\/uploads\/2025\/03\/veledszep20241016114302-Large-18x12.jpeg 18w, https:\/\/boudoirexperience.hu\/wp-content\/uploads\/2025\/03\/veledszep20241016114302-Large.jpeg 1280w\" sizes=\"auto, (max-width: 1024px) 100vw, 1024px\" \/><\/figure><\/div>\n\n\n\n<p>I chose boudoir photography because it\u2019s not just a simple photoshoot\u2014it truly has meaning. When you come to me, you\u2019re giving me a level of trust that, if used well, allows me to show you a side of yourself that you may have never seen before.\n\nI\u2019ve done many photoshoots, and no two have ever been the same. But one thing has always been constant: the joy and happiness on your face when you see your photos!<\/p>\n\n\n\n<h2 class=\"wp-block-heading\">The team<\/h2>\n\n\n\n<p>Success is never the work of just one person. I\u2019ve put together a team that ensures a great atmosphere and helps bring out the very best in you.\n\nAnd if you love their work, feel free to reach out to them again anytime! \ud83d\ude42<\/p>\n\n\n\n<h3 class=\"wp-block-heading\">Hair<\/h3>\n\n\n\n<h4 class=\"wp-block-heading\">Csel\u00f3szki Niki<\/h4>\n\n\n\n<div class=\"wp-block-media-text has-media-on-the-right is-stacked-on-mobile\"><div class=\"wp-block-media-text__content\">\n\n<\/div><figure class=\"wp-block-media-text__media\"><\/figure><\/div>\n\n\n\n<h3 class=\"wp-block-heading\">Make-Up<\/h3>\n\n\n\n<h4 class=\"wp-block-heading\">Szlameniczky Zita<\/h4>\n\n\n\n<div class=\"wp-block-media-text is-stacked-on-mobile\"><figure class=\"wp-block-media-text__media\"><img loading=\"lazy\" decoding=\"async\" width=\"862\" height=\"1024\" src=\"http:\/\/boudoirexperience.hu\/wp-content\/uploads\/2025\/03\/6A6A0566-Edit.jpg-masolata-scaled-e1670077585203-862x1024.jpg\" alt=\"\" class=\"wp-image-886 size-full\" srcset=\"https:\/\/boudoirexperience.hu\/wp-content\/uploads\/2025\/03\/6A6A0566-Edit.jpg-masolata-scaled-e1670077585203-862x1024.jpg 862w, https:\/\/boudoirexperience.hu\/wp-content\/uploads\/2025\/03\/6A6A0566-Edit.jpg-masolata-scaled-e1670077585203-253x300.jpg 253w, https:\/\/boudoirexperience.hu\/wp-content\/uploads\/2025\/03\/6A6A0566-Edit.jpg-masolata-scaled-e1670077585203-768x912.jpg 768w, https:\/\/boudoirexperience.hu\/wp-content\/uploads\/2025\/03\/6A6A0566-Edit.jpg-masolata-scaled-e1670077585203-1294x1536.jpg 1294w, https:\/\/boudoirexperience.hu\/wp-content\/uploads\/2025\/03\/6A6A0566-Edit.jpg-masolata-scaled-e1670077585203-10x12.jpg 10w, https:\/\/boudoirexperience.hu\/wp-content\/uploads\/2025\/03\/6A6A0566-Edit.jpg-masolata-scaled-e1670077585203.jpg 1698w\" sizes=\"auto, (max-width: 862px) 100vw, 862px\" \/><\/figure><div class=\"wp-block-media-text__content\">\n<p>Zita has been supporting my work from the very beginning with her flawless makeup skills. She has worked with some of the most professional teams and is passionate about sharing her knowledge through training sessions and workshops.<\/p>\n\n\n\n<p>Itt tal\u00e1lod meg m\u00e9g:<\/p>\n\n\n\n<p><a href=\"https:\/\/szlamizita.hu\" target=\"_blank\" rel=\"noopener\" title=\"\">Weboldal<\/a><\/p>\n\n\n\n<p><a href=\"https:\/\/www.instagram.com\/szlamizita\/\" target=\"_blank\" rel=\"noopener\" title=\"\">Instagram<\/a><\/p>\n<\/div><\/div>\n\n\n\n<h4 class=\"wp-block-heading\">Martin Szilvia<\/h4>\n\n\n\n<div class=\"wp-block-media-text has-media-on-the-right is-stacked-on-mobile\"><div class=\"wp-block-media-text__content\">\n\n<\/div><figure class=\"wp-block-media-text__media\"><img loading=\"lazy\" decoding=\"async\" width=\"1024\" height=\"682\" src=\"http:\/\/boudoirexperience.hu\/wp-content\/uploads\/2025\/03\/0215-130036-Panni-Large-1024x682.jpeg\" alt=\"\" class=\"wp-image-746 size-full\" srcset=\"https:\/\/boudoirexperience.hu\/wp-content\/uploads\/2025\/03\/0215-130036-Panni-Large-1024x682.jpeg 1024w, https:\/\/boudoirexperience.hu\/wp-content\/uploads\/2025\/03\/0215-130036-Panni-Large-300x200.jpeg 300w, https:\/\/boudoirexperience.hu\/wp-content\/uploads\/2025\/03\/0215-130036-Panni-Large-768x512.jpeg 768w, https:\/\/boudoirexperience.hu\/wp-content\/uploads\/2025\/03\/0215-130036-Panni-Large.jpeg 1280w\" sizes=\"auto, (max-width: 1024px) 100vw, 1024px\" \/><\/figure><\/div>\n\n\n\n<figure class=\"wp-block-pullquote has-text-align-center\"><blockquote><p><br>The only one missing now is you. Are you ready?<\/p><\/blockquote><\/figure>\n\n\n<style id=\"wpforms-css-vars-789-block-b00d38ae-35bf-4a91-b5f3-91d8ca9c09af\">\n\t\t\t\t#wpforms-789.wpforms-block-b00d38ae-35bf-4a91-b5f3-91d8ca9c09af {\n\t\t\t\t--wpforms-label-color: #262626;\n--wpforms-label-sublabel-color: #7f7f7f;\n--wpforms-label-error-color: #ff0000;\n--wpforms-page-break-color: #dddddd;\n--wpforms-field-border-radius: 0px;\n--wpforms-field-border-color: #cccccc;\n--wpforms-field-border-color-spare: #cccccc;\n--wpforms-field-text-color: #444444;\n--wpforms-button-border-style: solid;\n--wpforms-button-border-radius: 0px;\n--wpforms-button-background-color: #ccb88d;\n--wpforms-button-border-color: #cccccc;\n--wpforms-field-size-input-height: 43px;\n--wpforms-field-size-input-spacing: 15px;\n--wpforms-field-size-font-size: 16px;\n--wpforms-field-size-line-height: 19px;\n--wpforms-field-size-padding-h: 14px;\n--wpforms-field-size-checkbox-size: 16px;\n--wpforms-field-size-sublabel-spacing: 5px;\n--wpforms-field-size-icon-size: 1;\n--wpforms-label-size-font-size: 14px;\n--wpforms-label-size-line-height: 17px;\n--wpforms-label-size-sublabel-font-size: 13px;\n--wpforms-label-size-sublabel-line-height: 16px;\n--wpforms-button-size-font-size: 17px;\n--wpforms-button-size-height: 41px;\n--wpforms-button-size-padding-h: 15px;\n--wpforms-button-size-margin-top: 10px;\n\n\t\t\t}\n\t\t\t<\/style><div class=\"wpforms-container wpforms-container-full wpforms-block wpforms-block-b00d38ae-35bf-4a91-b5f3-91d8ca9c09af wpforms-render-modern\" id=\"wpforms-789\"><form id=\"wpforms-form-789\" class=\"wpforms-validate wpforms-form wpforms-ajax-form\" data-formid=\"789\" method=\"post\" enctype=\"multipart\/form-data\" action=\"\/en\/wp-json\/wp\/v2\/pages\/6\" data-token=\"9e143fd6dbdbf0022b9820a55458ee7f\" data-token-time=\"1776332423\" data-trp-original-action=\"\/en\/wp-json\/wp\/v2\/pages\/6\"><noscript class=\"wpforms-error-noscript\">Please enable JavaScript in your browser to complete this form.<\/noscript><div class=\"wpforms-hidden\" id=\"wpforms-error-noscript\">Please enable JavaScript in your browser to complete this form.<\/div><div class=\"wpforms-field-container\"><div id=\"wpforms-789-field_1-container\" class=\"wpforms-field wpforms-field-name\" data-field-id=\"1\"><fieldset><legend class=\"wpforms-field-label\">Name <span class=\"wpforms-required-label\" aria-hidden=\"true\">*<\/span><\/legend><div class=\"wpforms-field-row wpforms-field-medium\"><div class=\"wpforms-field-row-block wpforms-first wpforms-one-half\"><input type=\"text\" id=\"wpforms-789-field_1\" class=\"wpforms-field-name-first wpforms-field-required\" name=\"wpforms[fields][1][first]\" aria-errormessage=\"wpforms-789-field_1-error\" required><label for=\"wpforms-789-field_1\" class=\"wpforms-field-sublabel after\">First<\/label><\/div><div class=\"wpforms-field-row-block wpforms-one-half\"><input type=\"text\" id=\"wpforms-789-field_1-last\" class=\"wpforms-field-name-last wpforms-field-required\" name=\"wpforms[fields][1][last]\" aria-errormessage=\"wpforms-789-field_1-last-error\" required><label for=\"wpforms-789-field_1-last\" class=\"wpforms-field-sublabel after\">Last<\/label><\/div><\/div><\/fieldset><\/div><div id=\"wpforms-789-field_2-container\" class=\"wpforms-field wpforms-field-email\" data-field-id=\"2\"><label class=\"wpforms-field-label\" for=\"wpforms-789-field_2\">Email <span class=\"wpforms-required-label\" aria-hidden=\"true\">*<\/span><\/label><input type=\"email\" id=\"wpforms-789-field_2\" class=\"wpforms-field-medium wpforms-field-required\" name=\"wpforms[fields][2]\" spellcheck=\"false\" aria-errormessage=\"wpforms-789-field_2-error\" required><\/div><div id=\"wpforms-789-field_7-container\" class=\"wpforms-field wpforms-field-text\" data-field-id=\"7\"><label class=\"wpforms-field-label\" for=\"wpforms-789-field_7\">Phone <span class=\"wpforms-required-label\" aria-hidden=\"true\">*<\/span><\/label><input type=\"text\" id=\"wpforms-789-field_7\" class=\"wpforms-field-medium wpforms-field-required\" name=\"wpforms[fields][7]\" aria-errormessage=\"wpforms-789-field_7-error\" required><\/div><div id=\"wpforms-789-field_3-container\" class=\"wpforms-field wpforms-field-textarea\" data-field-id=\"3\"><label class=\"wpforms-field-label\" for=\"wpforms-789-field_3\">Message <span class=\"wpforms-required-label\" aria-hidden=\"true\">*<\/span><\/label><textarea id=\"wpforms-789-field_3\" class=\"wpforms-field-medium wpforms-field-required\" name=\"wpforms[fields][3]\" aria-errormessage=\"wpforms-789-field_3-error\" aria-describedby=\"wpforms-789-field_3-description\" required><\/textarea><div id=\"wpforms-789-field_3-description\" class=\"wpforms-field-description\">In a few words, tell us why this photoshoot is important to you.<\/div><\/div><\/div><!-- .wpforms-field-container --><div class=\"wpforms-recaptcha-container wpforms-is-recaptcha wpforms-is-recaptcha-type-v3\" ><input type=\"hidden\" name=\"wpforms[recaptcha]\" value=\"\"><\/div><div class=\"wpforms-submit-container\" ><input type=\"hidden\" name=\"wpforms[id]\" value=\"789\"><input type=\"hidden\" name=\"page_title\" value=\"\"><input type=\"hidden\" name=\"page_url\" value=\"https:\/\/boudoirexperience.hu\/en\/wp-json\/wp\/v2\/pages\/6\"><input type=\"hidden\" name=\"url_referer\" value=\"\"><button type=\"submit\" name=\"wpforms[submit]\" id=\"wpforms-submit-789\" class=\"wpforms-submit\" data-alt-text=\"K\u00fcld\u00e9s..\" data-submit-text=\"K\u00fcld\u00e9s\" aria-live=\"assertive\" value=\"wpforms-submit\">Send<\/button><img loading=\"lazy\" decoding=\"async\" src=\"https:\/\/boudoirexperience.hu\/wp-content\/plugins\/wpforms-lite\/assets\/images\/submit-spin.svg\" class=\"wpforms-submit-spinner\" style=\"display: none;\" width=\"26\" height=\"26\" alt=\"Loading\"><\/div><input type=\"hidden\" name=\"trp-form-language\" value=\"en\"\/><\/form><\/div>  <!-- .wpforms-container -->","protected":false},"excerpt":{"rendered":"<p>Szia, Kiss D\u00e1vid vagyok, ha ezt az oldalt olvasod, rem\u00e9lem a leend\u0151 fot\u00f3sod. T\u00f6bb mint hat \u00e9vet foglalkoztam fot\u00f3z\u00e1ssal, miut\u00e1n m\u0171szaki karrierem mag\u00e1ba szippantott. Ezen \u00e9vek sor\u00e1n arra felismer\u00e9sre jutottam, hogy hi\u00e1nyzik az \u00e9letemb\u0151l az eszt\u00e9tika, vagy az, hogy a munk\u00e1mmal \u00e9rzelmeket (rem\u00e9lhet\u0151leg \u00f6r\u00f6m\u00f6t) v\u00e1ltsak ki m\u00e1sokb\u00f3l. Emiatt ragadtam \u00fajra f\u00e9nyk\u00e9pez\u0151g\u00e9pet. A boudoir-t pedig az\u00e9rt [&hellip;]<\/p>","protected":false},"author":1,"featured_media":497,"parent":0,"menu_order":0,"comment_status":"closed","ping_status":"closed","template":"template-about.php","meta":{"om_disable_all_campaigns":false,"_monsterinsights_skip_tracking":false,"_monsterinsights_sitenote_active":false,"_monsterinsights_sitenote_note":"","_monsterinsights_sitenote_category":0,"_uf_show_specific_survey":0,"_uf_disable_surveys":false,"footnotes":""},"folder":[8],"class_list":["post-6","page","type-page","status-publish","has-post-thumbnail","hentry"],"aioseo_notices":[],"_links":{"self":[{"href":"https:\/\/boudoirexperience.hu\/en\/wp-json\/wp\/v2\/pages\/6","targetHints":{"allow":["GET"]}}],"collection":[{"href":"https:\/\/boudoirexperience.hu\/en\/wp-json\/wp\/v2\/pages"}],"about":[{"href":"https:\/\/boudoirexperience.hu\/en\/wp-json\/wp\/v2\/types\/page"}],"author":[{"embeddable":true,"href":"https:\/\/boudoirexperience.hu\/en\/wp-json\/wp\/v2\/users\/1"}],"replies":[{"embeddable":true,"href":"https:\/\/boudoirexperience.hu\/en\/wp-json\/wp\/v2\/comments?post=6"}],"version-history":[{"count":6,"href":"https:\/\/boudoirexperience.hu\/en\/wp-json\/wp\/v2\/pages\/6\/revisions"}],"predecessor-version":[{"id":890,"href":"https:\/\/boudoirexperience.hu\/en\/wp-json\/wp\/v2\/pages\/6\/revisions\/890"}],"wp:featuredmedia":[{"embeddable":true,"href":"https:\/\/boudoirexperience.hu\/en\/wp-json\/"}],"wp:attachment":[{"href":"https:\/\/boudoirexperience.hu\/en\/wp-json\/wp\/v2\/media?parent=6"}],"wp:term":[{"taxonomy":"folder","embeddable":true,"href":"https:\/\/boudoirexperience.hu\/en\/wp-json\/wp\/v2\/folder?post=6"}],"curies":[{"name":"wp","href":"https:\/\/api.w.org\/{rel}","templated":true}]}}