{"id":34,"date":"2018-05-05T08:09:49","date_gmt":"2018-05-05T08:09:49","guid":{"rendered":"https:\/\/justevolve.it\/demo\/zena\/?page_id=34"},"modified":"2025-03-02T19:45:19","modified_gmt":"2025-03-02T19:45:19","slug":"contact","status":"publish","type":"page","link":"https:\/\/boudoirexperience.hu\/en\/contact\/","title":{"rendered":"Contact"},"content":{"rendered":"<h1 class=\"wp-block-heading has-text-align-center\">Get in touch with us!<\/h1>\n\n\n\n<p>If you\u2019d like to learn more, send us a message\u2014whether here or through another channel\u2014and we\u2019ll get back to you within one business day.<\/p>\n\n\n<style id=\"wpforms-css-vars-789-block-3c8be32f-46dd-4202-acc1-9e0aa6535b94\">\n\t\t\t\t#wpforms-789.wpforms-block-3c8be32f-46dd-4202-acc1-9e0aa6535b94 {\n\t\t\t\t--wpforms-label-color: #262626;\n--wpforms-label-sublabel-color: #7f7f7f;\n--wpforms-label-error-color: #ff0000;\n--wpforms-page-break-color: #dddddd;\n--wpforms-field-border-radius: 0px;\n--wpforms-field-border-color: #cccccc;\n--wpforms-field-border-color-spare: #cccccc;\n--wpforms-field-text-color: #444444;\n--wpforms-button-border-style: solid;\n--wpforms-button-border-radius: 0px;\n--wpforms-button-background-color: #ccb88d;\n--wpforms-button-border-color: #cccccc;\n--wpforms-field-size-input-height: 43px;\n--wpforms-field-size-input-spacing: 15px;\n--wpforms-field-size-font-size: 16px;\n--wpforms-field-size-line-height: 19px;\n--wpforms-field-size-padding-h: 14px;\n--wpforms-field-size-checkbox-size: 16px;\n--wpforms-field-size-sublabel-spacing: 5px;\n--wpforms-field-size-icon-size: 1;\n--wpforms-label-size-font-size: 14px;\n--wpforms-label-size-line-height: 17px;\n--wpforms-label-size-sublabel-font-size: 13px;\n--wpforms-label-size-sublabel-line-height: 16px;\n--wpforms-button-size-font-size: 17px;\n--wpforms-button-size-height: 41px;\n--wpforms-button-size-padding-h: 15px;\n--wpforms-button-size-margin-top: 10px;\n\n\t\t\t}\n\t\t\t<\/style><div class=\"wpforms-container wpforms-container-full wpforms-block wpforms-block-3c8be32f-46dd-4202-acc1-9e0aa6535b94 wpforms-render-modern\" id=\"wpforms-789\"><form id=\"wpforms-form-789\" class=\"wpforms-validate wpforms-form wpforms-ajax-form\" data-formid=\"789\" method=\"post\" enctype=\"multipart\/form-data\" action=\"\/en\/wp-json\/wp\/v2\/pages\/34\" data-token=\"9e143fd6dbdbf0022b9820a55458ee7f\" data-token-time=\"1776332634\" data-trp-original-action=\"\/en\/wp-json\/wp\/v2\/pages\/34\"><noscript class=\"wpforms-error-noscript\">Please enable JavaScript in your browser to complete this form.<\/noscript><div class=\"wpforms-hidden\" id=\"wpforms-error-noscript\">Please enable JavaScript in your browser to complete this form.<\/div><div class=\"wpforms-field-container\"><div id=\"wpforms-789-field_1-container\" class=\"wpforms-field wpforms-field-name\" data-field-id=\"1\"><fieldset><legend class=\"wpforms-field-label\">Name <span class=\"wpforms-required-label\" aria-hidden=\"true\">*<\/span><\/legend><div class=\"wpforms-field-row wpforms-field-medium\"><div class=\"wpforms-field-row-block wpforms-first wpforms-one-half\"><input type=\"text\" id=\"wpforms-789-field_1\" class=\"wpforms-field-name-first wpforms-field-required\" name=\"wpforms[fields][1][first]\" aria-errormessage=\"wpforms-789-field_1-error\" required><label for=\"wpforms-789-field_1\" class=\"wpforms-field-sublabel after\">First<\/label><\/div><div class=\"wpforms-field-row-block wpforms-one-half\"><input type=\"text\" id=\"wpforms-789-field_1-last\" class=\"wpforms-field-name-last wpforms-field-required\" name=\"wpforms[fields][1][last]\" aria-errormessage=\"wpforms-789-field_1-last-error\" required><label for=\"wpforms-789-field_1-last\" class=\"wpforms-field-sublabel after\">Last<\/label><\/div><\/div><\/fieldset><\/div><div id=\"wpforms-789-field_2-container\" class=\"wpforms-field wpforms-field-email\" data-field-id=\"2\"><label class=\"wpforms-field-label\" for=\"wpforms-789-field_2\">Email <span class=\"wpforms-required-label\" aria-hidden=\"true\">*<\/span><\/label><input type=\"email\" id=\"wpforms-789-field_2\" class=\"wpforms-field-medium wpforms-field-required\" name=\"wpforms[fields][2]\" spellcheck=\"false\" aria-errormessage=\"wpforms-789-field_2-error\" required><\/div><div id=\"wpforms-789-field_7-container\" class=\"wpforms-field wpforms-field-text\" data-field-id=\"7\"><label class=\"wpforms-field-label\" for=\"wpforms-789-field_7\">Phone <span class=\"wpforms-required-label\" aria-hidden=\"true\">*<\/span><\/label><input type=\"text\" id=\"wpforms-789-field_7\" class=\"wpforms-field-medium wpforms-field-required\" name=\"wpforms[fields][7]\" aria-errormessage=\"wpforms-789-field_7-error\" required><\/div><div id=\"wpforms-789-field_3-container\" class=\"wpforms-field wpforms-field-textarea\" data-field-id=\"3\"><label class=\"wpforms-field-label\" for=\"wpforms-789-field_3\">Message <span class=\"wpforms-required-label\" aria-hidden=\"true\">*<\/span><\/label><textarea id=\"wpforms-789-field_3\" class=\"wpforms-field-medium wpforms-field-required\" name=\"wpforms[fields][3]\" aria-errormessage=\"wpforms-789-field_3-error\" aria-describedby=\"wpforms-789-field_3-description\" required><\/textarea><div id=\"wpforms-789-field_3-description\" class=\"wpforms-field-description\">In a few words, tell us why this photoshoot is important to you.<\/div><\/div><\/div><!-- .wpforms-field-container --><div class=\"wpforms-recaptcha-container wpforms-is-recaptcha wpforms-is-recaptcha-type-v3\" ><input type=\"hidden\" name=\"wpforms[recaptcha]\" value=\"\"><\/div><div class=\"wpforms-submit-container\" ><input type=\"hidden\" name=\"wpforms[id]\" value=\"789\"><input type=\"hidden\" name=\"page_title\" value=\"\"><input type=\"hidden\" name=\"page_url\" value=\"https:\/\/boudoirexperience.hu\/en\/wp-json\/wp\/v2\/pages\/34\"><input type=\"hidden\" name=\"url_referer\" value=\"\"><button type=\"submit\" name=\"wpforms[submit]\" id=\"wpforms-submit-789\" class=\"wpforms-submit\" data-alt-text=\"K\u00fcld\u00e9s..\" data-submit-text=\"K\u00fcld\u00e9s\" aria-live=\"assertive\" value=\"wpforms-submit\">Send<\/button><img loading=\"lazy\" decoding=\"async\" src=\"https:\/\/boudoirexperience.hu\/wp-content\/plugins\/wpforms-lite\/assets\/images\/submit-spin.svg\" class=\"wpforms-submit-spinner\" style=\"display: none;\" width=\"26\" height=\"26\" alt=\"Loading\"><\/div><input type=\"hidden\" name=\"trp-form-language\" value=\"en\"\/><\/form><\/div>  <!-- .wpforms-container -->","protected":false},"excerpt":{"rendered":"<p>Vedd fel vel\u00fcnk a kapcsolatot Ha szeretn\u00e9l \u00e9rdekl\u0151dni a r\u00e9szletek fel\u0151l, \u00edrj egy \u00fczenetet, ak\u00e1r itt, ak\u00e1r m\u00e1s csatorn\u00e1kon, \u00e9s felvessz\u00fck veled a kapcsolatot 1 munkanapon bel\u00fcl.<\/p>","protected":false},"author":1,"featured_media":262,"parent":0,"menu_order":0,"comment_status":"closed","ping_status":"closed","template":"","meta":{"om_disable_all_campaigns":false,"_monsterinsights_skip_tracking":false,"_monsterinsights_sitenote_active":false,"_monsterinsights_sitenote_note":"","_monsterinsights_sitenote_category":0,"_uf_show_specific_survey":0,"_uf_disable_surveys":false,"footnotes":""},"folder":[],"class_list":["post-34","page","type-page","status-publish","has-post-thumbnail","hentry"],"aioseo_notices":[],"_links":{"self":[{"href":"https:\/\/boudoirexperience.hu\/en\/wp-json\/wp\/v2\/pages\/34","targetHints":{"allow":["GET"]}}],"collection":[{"href":"https:\/\/boudoirexperience.hu\/en\/wp-json\/wp\/v2\/pages"}],"about":[{"href":"https:\/\/boudoirexperience.hu\/en\/wp-json\/wp\/v2\/types\/page"}],"author":[{"embeddable":true,"href":"https:\/\/boudoirexperience.hu\/en\/wp-json\/wp\/v2\/users\/1"}],"replies":[{"embeddable":true,"href":"https:\/\/boudoirexperience.hu\/en\/wp-json\/wp\/v2\/comments?post=34"}],"version-history":[{"count":1,"href":"https:\/\/boudoirexperience.hu\/en\/wp-json\/wp\/v2\/pages\/34\/revisions"}],"predecessor-version":[{"id":827,"href":"https:\/\/boudoirexperience.hu\/en\/wp-json\/wp\/v2\/pages\/34\/revisions\/827"}],"wp:featuredmedia":[{"embeddable":true,"href":"https:\/\/boudoirexperience.hu\/en\/wp-json\/"}],"wp:attachment":[{"href":"https:\/\/boudoirexperience.hu\/en\/wp-json\/wp\/v2\/media?parent=34"}],"wp:term":[{"taxonomy":"folder","embeddable":true,"href":"https:\/\/boudoirexperience.hu\/en\/wp-json\/wp\/v2\/folder?post=34"}],"curies":[{"name":"wp","href":"https:\/\/api.w.org\/{rel}","templated":true}]}}